{"id":9313,"date":"2022-04-05T11:23:01","date_gmt":"2022-04-05T04:23:01","guid":{"rendered":"https:\/\/eaglekingtravel.vn\/?page_id=9313"},"modified":"2022-12-06T14:23:34","modified_gmt":"2022-12-06T07:23:34","slug":"search-booking","status":"publish","type":"page","link":"https:\/\/honglamgiang.com\/vn\/search-booking\/","title":{"rendered":"(English) Search booking"},"content":{"rendered":"<div id=\"pl-9313\"  class=\"panel-layout\" ><div id=\"pg-9313-0\"  class=\"panel-grid panel-no-style\" ><div id=\"pgc-9313-0-0\"  class=\"panel-grid-cell\" ><div id=\"panel-9313-0-0-0\" class=\"widget_text so-panel widget widget_custom_html panel-first-child\" data-index=\"0\" ><div class=\"textwidget custom-html-widget\"><div id=\"ADESearchResultClient\"><\/div><\/div><\/div><div id=\"panel-9313-0-0-1\" class=\"widget_text so-panel widget widget_custom_html panel-last-child\" data-index=\"1\" ><div class=\"textwidget custom-html-widget\">\n<body>  \n<head>\n    <link\n      href=\"https:\/\/unpkg.com\/tailwindcss@^1.0\/dist\/tailwind.min.css\"\n      rel=\"stylesheet\"\n    \/>\n    <link\n      href=\"https:\/\/fonts.googleapis.com\/css2?family=Inter:wght@400;500;600;700;900&display=swap\"\n      rel=\"stylesheet\"\n    \/>\n    <style>\n.close-treact-popup{\n    display: block;\n    width: 100px;\n    position: relative;\n    margin: auto;\n    text-align: center;\n    background-color: #0f72e5;\n    border-radius:5px;\n    color: #ffffff;\n    text-decoration: none;\n    padding: 5px 0;\n}\n.max-w-lg{\n    background-color: #ffffff;\n    width:480px;\n    padding: 20px 20px 20px 20px;\n    position: absolute;\n    transform: translate(-50%,-50%);\n    left: 50%;\n    top: 50%;\n    border-radius: 10px;\n    text-align: center;\n}\n.text-xl{\n    color: #a94442;\n    font-family: Tahoma;\n    font-size: 15px;\n    text-align: center;\n    text-transform: uppercase;\n    font-weight: bold;\n    letter-spacing: 1px;\n}\n.mt-1{\n    color: #a94442;\n    font-weight: 400;\n    text-align: justify;\n    font-family: inter;\n    font-size: 12px;\n}\n.mt-2{\n    color: #a94442;\n    font-weight: 600;\n    text-align: justify;\n    font-family: inter;\n    font-size: 12px;\n}\n      .body {\n        font-family: \"Inter\", sans-serif;\n      }\n    <\/style>\n  <\/head>\n    <div class=\"hidden treact-popup fixed inset-0 flex items-center justify-center\" style=\"background-color: rgba(0,0,0,0.3);z-index: 10001 !important;\">\n        <div class=\"max-w-lg\">\n          <h3 class=\"text-xl\">\n           H\u1ec7 th\u1ed1ng xu\u1ea5t v\u00e9 b\u1ea3o tr\u00ec !\n          <\/h3>\n          <br>\n          <p class=\"mt-1\">Qu\u00fd kh\u00e1ch v\u1eabn c\u00f3 th\u1ec3 ti\u1ebfp t\u1ee5c \u0111\u1eb7t gi\u1eef ch\u1ed7 nh\u01b0ng kh\u00f4ng xu\u1ea5t \u0111\u01b0\u1ee3c trong th\u1eddi gian  t\u1eeb 23h \u0111\u1ebfn 07h ng\u00e0y h\u00f4m sau, Qu\u00fd kh\u00e1ch vui l\u00f2ng \u0111\u1eb7t gi\u1eef ch\u1ed7 l\u1ea1i khi h\u1ebft time.<\/p>\n          <p class=\"mt-2\">Gi\u00e1 c\u00f3 th\u1ec3 thay \u0111\u1ed5i theo th\u1eddi \u0111i\u1ec3m \u0111\u1eb7t gi\u1eef ch\u1ed7.<\/p>\n          <p style=\"border: 0.1px solid #e2e8f0;margin-top: 10px;margin-bottom: 20px;\"><\/p>\n          <div> \n            <button class=\"close-treact-popup\">Ti\u1ebfp T\u1ee5c<\/button>\n          <\/div>\n        <\/div>\n      <\/div>\n         <script language=\"javascript\">\nfunction closeTreactPopup(){ \n  document.querySelector(\".treact-popup\").classList.add(\"hidden\");\n}\nfunction openTreactPopup(){ \n  document.querySelector(\".treact-popup\").classList.remove(\"hidden\");\n}\ndocument.querySelector(\".close-treact-popup\").addEventListener(\"click\", closeTreactPopup);\nsetTimeout(openTreactPopup, 3000);;\n        <\/script>\n<\/body>\n<\/div><\/div><\/div><\/div><\/div>","protected":false},"excerpt":{"rendered":"<p>H\u1ec7 th\u1ed1ng xu\u1ea5t v\u00e9 b\u1ea3o tr\u00ec ! Qu\u00fd kh\u00e1ch v\u1eabn c\u00f3 th\u1ec3 ti\u1ebfp t\u1ee5c \u0111\u1eb7t gi\u1eef ch\u1ed7 nh\u01b0ng kh\u00f4ng xu\u1ea5t [&hellip;]<\/p>\n","protected":false},"author":1,"featured_media":0,"parent":0,"menu_order":0,"comment_status":"closed","ping_status":"closed","template":"page-templates\/full-width.php","meta":{"footnotes":""},"class_list":["post-9313","page","type-page","status-publish","hentry"],"yoast_head":"<!-- This site is optimized with the Yoast SEO plugin v27.4 - https:\/\/yoast.com\/product\/yoast-seo-wordpress\/ -->\n<title>(English) Search booking - Eagleking Travel<\/title>\n<meta name=\"robots\" content=\"index, follow, max-snippet:-1, max-image-preview:large, max-video-preview:-1\" \/>\n<link rel=\"canonical\" href=\"https:\/\/honglamgiang.com\/search-booking\/\" \/>\n<meta property=\"og:locale\" content=\"en_US\" \/>\n<meta property=\"og:type\" content=\"article\" \/>\n<meta property=\"og:title\" content=\"(English) Search booking - Eagleking Travel\" \/>\n<meta property=\"og:description\" content=\"H\u1ec7 th\u1ed1ng xu\u1ea5t v\u00e9 b\u1ea3o tr\u00ec ! Qu\u00fd kh\u00e1ch v\u1eabn c\u00f3 th\u1ec3 ti\u1ebfp t\u1ee5c \u0111\u1eb7t gi\u1eef ch\u1ed7 nh\u01b0ng kh\u00f4ng xu\u1ea5t [&hellip;]\" \/>\n<meta property=\"og:url\" content=\"https:\/\/honglamgiang.com\/search-booking\/\" \/>\n<meta property=\"og:site_name\" content=\"Eagleking Travel\" \/>\n<meta property=\"article:publisher\" content=\"https:\/\/www.facebook.com\/eaglekingtravel\" \/>\n<meta property=\"article:modified_time\" content=\"2022-12-06T07:23:34+00:00\" \/>\n<meta name=\"twitter:card\" content=\"summary_large_image\" \/>\n<script type=\"application\/ld+json\" class=\"yoast-schema-graph\">{\"@context\":\"https:\\\/\\\/schema.org\",\"@graph\":[{\"@type\":\"WebPage\",\"@id\":\"https:\\\/\\\/honglamgiang.com\\\/search-booking\\\/\",\"url\":\"https:\\\/\\\/honglamgiang.com\\\/search-booking\\\/\",\"name\":\"(English) Search booking - Eagleking Travel\",\"isPartOf\":{\"@id\":\"https:\\\/\\\/honglamgiang.com\\\/#website\"},\"datePublished\":\"2022-04-05T04:23:01+00:00\",\"dateModified\":\"2022-12-06T07:23:34+00:00\",\"breadcrumb\":{\"@id\":\"https:\\\/\\\/honglamgiang.com\\\/search-booking\\\/#breadcrumb\"},\"inLanguage\":\"vn-vn\",\"potentialAction\":[{\"@type\":\"ReadAction\",\"target\":[\"https:\\\/\\\/honglamgiang.com\\\/search-booking\\\/\"]}]},{\"@type\":\"BreadcrumbList\",\"@id\":\"https:\\\/\\\/honglamgiang.com\\\/search-booking\\\/#breadcrumb\",\"itemListElement\":[{\"@type\":\"ListItem\",\"position\":1,\"name\":\"Home\",\"item\":\"https:\\\/\\\/honglamgiang.com\\\/\"},{\"@type\":\"ListItem\",\"position\":2,\"name\":\"Search booking\"}]},{\"@type\":\"WebSite\",\"@id\":\"https:\\\/\\\/honglamgiang.com\\\/#website\",\"url\":\"https:\\\/\\\/honglamgiang.com\\\/\",\"name\":\"Eagleking Travel\",\"description\":\"\",\"publisher\":{\"@id\":\"https:\\\/\\\/honglamgiang.com\\\/#organization\"},\"potentialAction\":[{\"@type\":\"SearchAction\",\"target\":{\"@type\":\"EntryPoint\",\"urlTemplate\":\"https:\\\/\\\/honglamgiang.com\\\/?s={search_term_string}\"},\"query-input\":{\"@type\":\"PropertyValueSpecification\",\"valueRequired\":true,\"valueName\":\"search_term_string\"}}],\"inLanguage\":\"vn-vn\"},{\"@type\":\"Organization\",\"@id\":\"https:\\\/\\\/honglamgiang.com\\\/#organization\",\"name\":\"EagleKing Travel\",\"url\":\"https:\\\/\\\/honglamgiang.com\\\/\",\"logo\":{\"@type\":\"ImageObject\",\"inLanguage\":\"vn-vn\",\"@id\":\"https:\\\/\\\/honglamgiang.com\\\/#\\\/schema\\\/logo\\\/image\\\/\",\"url\":\"https:\\\/\\\/honglamgiang.com\\\/wp-content\\\/uploads\\\/2019\\\/10\\\/Dau-Logo.png\",\"contentUrl\":\"https:\\\/\\\/honglamgiang.com\\\/wp-content\\\/uploads\\\/2019\\\/10\\\/Dau-Logo.png\",\"width\":340,\"height\":337,\"caption\":\"EagleKing Travel\"},\"image\":{\"@id\":\"https:\\\/\\\/honglamgiang.com\\\/#\\\/schema\\\/logo\\\/image\\\/\"},\"sameAs\":[\"https:\\\/\\\/www.facebook.com\\\/eaglekingtravel\",\"https:\\\/\\\/www.instagram.com\\\/eagleking_travel\\\/\",\"https:\\\/\\\/www.linkedin.com\\\/company\\\/hong-lam-giang-dmc\\\/\",\"https:\\\/\\\/www.youtube.com\\\/watch?v=TS_7CixY4So&amp;feature=youtu.be\"]}]}<\/script>\n<!-- \/ Yoast SEO plugin. -->","yoast_head_json":{"title":"(English) Search booking - Eagleking Travel","robots":{"index":"index","follow":"follow","max-snippet":"max-snippet:-1","max-image-preview":"max-image-preview:large","max-video-preview":"max-video-preview:-1"},"canonical":"https:\/\/honglamgiang.com\/search-booking\/","og_locale":"en_US","og_type":"article","og_title":"(English) Search booking - Eagleking Travel","og_description":"H\u1ec7 th\u1ed1ng xu\u1ea5t v\u00e9 b\u1ea3o tr\u00ec ! Qu\u00fd kh\u00e1ch v\u1eabn c\u00f3 th\u1ec3 ti\u1ebfp t\u1ee5c \u0111\u1eb7t gi\u1eef ch\u1ed7 nh\u01b0ng kh\u00f4ng xu\u1ea5t [&hellip;]","og_url":"https:\/\/honglamgiang.com\/search-booking\/","og_site_name":"Eagleking Travel","article_publisher":"https:\/\/www.facebook.com\/eaglekingtravel","article_modified_time":"2022-12-06T07:23:34+00:00","twitter_card":"summary_large_image","schema":{"@context":"https:\/\/schema.org","@graph":[{"@type":"WebPage","@id":"https:\/\/honglamgiang.com\/search-booking\/","url":"https:\/\/honglamgiang.com\/search-booking\/","name":"(English) Search booking - Eagleking Travel","isPartOf":{"@id":"https:\/\/honglamgiang.com\/#website"},"datePublished":"2022-04-05T04:23:01+00:00","dateModified":"2022-12-06T07:23:34+00:00","breadcrumb":{"@id":"https:\/\/honglamgiang.com\/search-booking\/#breadcrumb"},"inLanguage":"vn-vn","potentialAction":[{"@type":"ReadAction","target":["https:\/\/honglamgiang.com\/search-booking\/"]}]},{"@type":"BreadcrumbList","@id":"https:\/\/honglamgiang.com\/search-booking\/#breadcrumb","itemListElement":[{"@type":"ListItem","position":1,"name":"Home","item":"https:\/\/honglamgiang.com\/"},{"@type":"ListItem","position":2,"name":"Search booking"}]},{"@type":"WebSite","@id":"https:\/\/honglamgiang.com\/#website","url":"https:\/\/honglamgiang.com\/","name":"Eagleking Travel","description":"","publisher":{"@id":"https:\/\/honglamgiang.com\/#organization"},"potentialAction":[{"@type":"SearchAction","target":{"@type":"EntryPoint","urlTemplate":"https:\/\/honglamgiang.com\/?s={search_term_string}"},"query-input":{"@type":"PropertyValueSpecification","valueRequired":true,"valueName":"search_term_string"}}],"inLanguage":"vn-vn"},{"@type":"Organization","@id":"https:\/\/honglamgiang.com\/#organization","name":"EagleKing Travel","url":"https:\/\/honglamgiang.com\/","logo":{"@type":"ImageObject","inLanguage":"vn-vn","@id":"https:\/\/honglamgiang.com\/#\/schema\/logo\/image\/","url":"https:\/\/honglamgiang.com\/wp-content\/uploads\/2019\/10\/Dau-Logo.png","contentUrl":"https:\/\/honglamgiang.com\/wp-content\/uploads\/2019\/10\/Dau-Logo.png","width":340,"height":337,"caption":"EagleKing Travel"},"image":{"@id":"https:\/\/honglamgiang.com\/#\/schema\/logo\/image\/"},"sameAs":["https:\/\/www.facebook.com\/eaglekingtravel","https:\/\/www.instagram.com\/eagleking_travel\/","https:\/\/www.linkedin.com\/company\/hong-lam-giang-dmc\/","https:\/\/www.youtube.com\/watch?v=TS_7CixY4So&amp;feature=youtu.be"]}]}},"_links":{"self":[{"href":"https:\/\/honglamgiang.com\/vn\/wp-json\/wp\/v2\/pages\/9313","targetHints":{"allow":["GET"]}}],"collection":[{"href":"https:\/\/honglamgiang.com\/vn\/wp-json\/wp\/v2\/pages"}],"about":[{"href":"https:\/\/honglamgiang.com\/vn\/wp-json\/wp\/v2\/types\/page"}],"author":[{"embeddable":true,"href":"https:\/\/honglamgiang.com\/vn\/wp-json\/wp\/v2\/users\/1"}],"replies":[{"embeddable":true,"href":"https:\/\/honglamgiang.com\/vn\/wp-json\/wp\/v2\/comments?post=9313"}],"version-history":[{"count":2,"href":"https:\/\/honglamgiang.com\/vn\/wp-json\/wp\/v2\/pages\/9313\/revisions"}],"predecessor-version":[{"id":9807,"href":"https:\/\/honglamgiang.com\/vn\/wp-json\/wp\/v2\/pages\/9313\/revisions\/9807"}],"wp:attachment":[{"href":"https:\/\/honglamgiang.com\/vn\/wp-json\/wp\/v2\/media?parent=9313"}],"curies":[{"name":"wp","href":"https:\/\/api.w.org\/{rel}","templated":true}]}}